{"id":1323,"date":"2020-08-10T17:39:33","date_gmt":"2020-08-10T17:39:33","guid":{"rendered":"https:\/\/thehealthimpact.org\/?page_id=1323"},"modified":"2021-03-16T16:58:48","modified_gmt":"2021-03-16T16:58:48","slug":"podcast","status":"publish","type":"page","link":"https:\/\/thehealthimpactngo.org\/ar\/podcast\/","title":{"rendered":"\u062a\u062f\u0648\u064a\u0646 \u0635\u0648\u062a\u064a"},"content":{"rendered":"<div data-elementor-type=\"wp-page\" data-elementor-id=\"1323\" class=\"elementor elementor-1323\" data-elementor-post-type=\"page\">\n\t\t\t\t\t\t<section class=\"elementor-section elementor-top-section elementor-element elementor-element-3d19cd22 elementor-section-height-min-height elementor-section-content-middle elementor-section-boxed elementor-section-height-default elementor-section-items-middle\" data-id=\"3d19cd22\" data-element_type=\"section\" data-e-type=\"section\" data-settings=\"{&quot;background_background&quot;:&quot;classic&quot;}\">\n\t\t\t\t\t\t\t<div class=\"elementor-background-overlay\"><\/div>\n\t\t\t\t\t\t\t<div class=\"elementor-container elementor-column-gap-no\">\n\t\t\t\t\t<div class=\"elementor-column elementor-col-100 elementor-top-column elementor-element elementor-element-7788e570\" data-id=\"7788e570\" data-element_type=\"column\" data-e-type=\"column\">\n\t\t\t<div class=\"elementor-widget-wrap elementor-element-populated\">\n\t\t\t\t\t\t<div class=\"elementor-element elementor-element-d71f1ad elementor-widget elementor-widget-heading\" data-id=\"d71f1ad\" data-element_type=\"widget\" data-e-type=\"widget\" data-widget_type=\"heading.default\">\n\t\t\t\t<div class=\"elementor-widget-container\">\n\t\t\t\t\t<h2 class=\"elementor-heading-title elementor-size-default\">Caminando Descalzos <\/h2>\t\t\t\t<\/div>\n\t\t\t\t<\/div>\n\t\t\t\t<div class=\"elementor-element elementor-element-3b171b50 elementor-widget elementor-widget-text-editor\" data-id=\"3b171b50\" data-element_type=\"widget\" data-e-type=\"widget\" data-widget_type=\"text-editor.default\">\n\t\t\t\t<div class=\"elementor-widget-container\">\n\t\t\t\t\t\t\t\t\t<p>Un podcast de la organizaci\u00f3n TheHealthImpact en el que tratamos diferentes temas relacionados con la migraci\u00f3n e intentamos visibilizar la situaci\u00f3n de los refugiados y migrantes que ven sus derechos vulnerados de manera constante.<\/p>\n<p>Nuevos episodios cada domingo&nbsp;<\/p>\t\t\t\t\t\t\t\t<\/div>\n\t\t\t\t<\/div>\n\t\t\t\t\t<\/div>\n\t\t<\/div>\n\t\t\t\t\t<\/div>\n\t\t<\/section>\n\t\t\t\t<section class=\"elementor-section elementor-top-section elementor-element elementor-element-96d591e elementor-section-boxed elementor-section-height-default elementor-section-height-default\" data-id=\"96d591e\" data-element_type=\"section\" data-e-type=\"section\">\n\t\t\t\t\t\t<div class=\"elementor-container elementor-column-gap-default\">\n\t\t\t\t\t<div class=\"elementor-column elementor-col-100 elementor-top-column elementor-element elementor-element-d7513e5\" data-id=\"d7513e5\" data-element_type=\"column\" data-e-type=\"column\">\n\t\t\t<div class=\"elementor-widget-wrap elementor-element-populated\">\n\t\t\t\t\t\t<div class=\"elementor-element elementor-element-2bb0ccf elementor-widget elementor-widget-heading\" data-id=\"2bb0ccf\" data-element_type=\"widget\" data-e-type=\"widget\" data-widget_type=\"heading.default\">\n\t\t\t\t<div class=\"elementor-widget-container\">\n\t\t\t\t\t<h2 class=\"elementor-heading-title elementor-size-default\">\u00daltimo episodio<\/h2>\t\t\t\t<\/div>\n\t\t\t\t<\/div>\n\t\t\t\t<div class=\"elementor-element elementor-element-590b6c4 elementor-widget elementor-widget-text-editor\" data-id=\"590b6c4\" data-element_type=\"widget\" data-e-type=\"widget\" data-widget_type=\"text-editor.default\">\n\t\t\t\t<div class=\"elementor-widget-container\">\n\t\t\t\t\t\t\t\t\t<p><iframe title=\"Spotify Embed: Caminando descalzos\" width=\"100%\" height=\"232\" allowtransparency=\"true\" frameborder=\"0\" allow=\"encrypted-media\" src=\"https:\/\/open.spotify.com\/embed-podcast\/show\/3x6VrZt8SrfvnT4V8XbTNt?si=TMpUfhwfSoKaJ8joHonDRQ\"><\/iframe><\/p>\t\t\t\t\t\t\t\t<\/div>\n\t\t\t\t<\/div>\n\t\t\t\t\t<\/div>\n\t\t<\/div>\n\t\t\t\t\t<\/div>\n\t\t<\/section>\n\t\t\t\t<section class=\"elementor-section elementor-top-section elementor-element elementor-element-1d07619 elementor-section-boxed elementor-section-height-default elementor-section-height-default\" data-id=\"1d07619\" data-element_type=\"section\" data-e-type=\"section\">\n\t\t\t\t\t\t<div class=\"elementor-container elementor-column-gap-default\">\n\t\t\t\t\t<div class=\"elementor-column elementor-col-100 elementor-top-column elementor-element elementor-element-32f0316\" data-id=\"32f0316\" data-element_type=\"column\" data-e-type=\"column\">\n\t\t\t<div class=\"elementor-widget-wrap elementor-element-populated\">\n\t\t\t\t\t\t<div class=\"elementor-element elementor-element-e18e999 elementor-widget elementor-widget-image\" data-id=\"e18e999\" data-element_type=\"widget\" data-e-type=\"widget\" data-no-translation=\"\" data-widget_type=\"image.default\">\n\t\t\t\t<div class=\"elementor-widget-container\">\n\t\t\t\t\t<style>.elementor-element-e18e999{display:none !important}<\/style>\t\t\t\t<\/div>\n\t\t\t\t<\/div>\n\t\t\t\t<div class=\"elementor-element elementor-element-2e4c4d6 elementor-widget elementor-widget-image\" data-id=\"2e4c4d6\" data-element_type=\"widget\" data-e-type=\"widget\" data-no-translation=\"\" data-widget_type=\"image.default\">\n\t\t\t\t<div class=\"elementor-widget-container\">\n\t\t\t\t\t<style>.elementor-element-2e4c4d6{display:none !important}<\/style>\t\t\t\t<\/div>\n\t\t\t\t<\/div>\n\t\t\t\t\t<\/div>\n\t\t<\/div>\n\t\t\t\t\t<\/div>\n\t\t<\/section>\n\t\t\t\t<section class=\"elementor-section elementor-top-section elementor-element elementor-element-5a28f07 elementor-section-boxed elementor-section-height-default elementor-section-height-default\" data-id=\"5a28f07\" data-element_type=\"section\" data-e-type=\"section\">\n\t\t\t\t\t\t<div class=\"elementor-container elementor-column-gap-default\">\n\t\t\t\t\t<div class=\"elementor-column elementor-col-50 elementor-top-column elementor-element elementor-element-ccaf792\" data-id=\"ccaf792\" data-element_type=\"column\" data-e-type=\"column\">\n\t\t\t<div class=\"elementor-widget-wrap elementor-element-populated\">\n\t\t\t\t\t\t<div class=\"elementor-element elementor-element-0a524cc elementor-widget elementor-widget-text-editor\" data-id=\"0a524cc\" data-element_type=\"widget\" data-e-type=\"widget\" data-widget_type=\"text-editor.default\">\n\t\t\t\t<div class=\"elementor-widget-container\">\n\t\t\t\t\t\t\t\t\t<p><iframe title=\"Spotify Embed: Caminando Descalzos por primera vez.\" width=\"100%\" height=\"232\" allowtransparency=\"true\" frameborder=\"0\" allow=\"encrypted-media\" src=\"https:\/\/open.spotify.com\/embed-podcast\/episode\/2WLHc1HY3I2FQVMiSrmxnk?si=N1er5W_YQ3uQ0KHeAfdorw\"><\/iframe><\/p><p>\u00a0<\/p>\t\t\t\t\t\t\t\t<\/div>\n\t\t\t\t<\/div>\n\t\t\t\t\t<\/div>\n\t\t<\/div>\n\t\t\t\t<div class=\"elementor-column elementor-col-50 elementor-top-column elementor-element elementor-element-5113bd7\" data-id=\"5113bd7\" data-element_type=\"column\" data-e-type=\"column\">\n\t\t\t<div class=\"elementor-widget-wrap elementor-element-populated\">\n\t\t\t\t\t\t<div class=\"elementor-element elementor-element-6814a06 elementor-widget elementor-widget-text-editor\" data-id=\"6814a06\" data-element_type=\"widget\" data-e-type=\"widget\" data-widget_type=\"text-editor.default\">\n\t\t\t\t<div class=\"elementor-widget-container\">\n\t\t\t\t\t\t\t\t\t<p><iframe title=\"Spotify Embed: Caminando Descalzos por L\u00edbano\" width=\"100%\" height=\"232\" allowtransparency=\"true\" frameborder=\"0\" allow=\"encrypted-media\" src=\"https:\/\/open.spotify.com\/embed-podcast\/episode\/3OLrvx4FoBRlWisdfbyual\"><\/iframe><\/p><p>\u00a0<\/p>\t\t\t\t\t\t\t\t<\/div>\n\t\t\t\t<\/div>\n\t\t\t\t\t<\/div>\n\t\t<\/div>\n\t\t\t\t\t<\/div>\n\t\t<\/section>\n\t\t\t\t<section class=\"elementor-section elementor-top-section elementor-element elementor-element-da4954f elementor-section-boxed elementor-section-height-default elementor-section-height-default\" data-id=\"da4954f\" data-element_type=\"section\" data-e-type=\"section\">\n\t\t\t\t\t\t<div class=\"elementor-container elementor-column-gap-default\">\n\t\t\t\t\t<div class=\"elementor-column elementor-col-50 elementor-top-column elementor-element elementor-element-3d5511f\" data-id=\"3d5511f\" data-element_type=\"column\" data-e-type=\"column\">\n\t\t\t<div class=\"elementor-widget-wrap elementor-element-populated\">\n\t\t\t\t\t\t<div class=\"elementor-element elementor-element-7253ff7 elementor-widget elementor-widget-text-editor\" data-id=\"7253ff7\" data-element_type=\"widget\" data-e-type=\"widget\" data-widget_type=\"text-editor.default\">\n\t\t\t\t<div class=\"elementor-widget-container\">\n\t\t\t\t\t\t\t\t\t<p><iframe title=\"Spotify Embed: Caminando Descalzos con conceptos b\u00e1sicos\" width=\"100%\" height=\"232\" allowtransparency=\"true\" frameborder=\"0\" allow=\"encrypted-media\" src=\"https:\/\/open.spotify.com\/embed-podcast\/episode\/1ELpzLLwpHnfJtF8yYLXjK?si=tWCnTEKzTTmVzuUphS-URw\"><\/iframe><\/p>\t\t\t\t\t\t\t\t<\/div>\n\t\t\t\t<\/div>\n\t\t\t\t\t<\/div>\n\t\t<\/div>\n\t\t\t\t<div class=\"elementor-column elementor-col-50 elementor-top-column elementor-element elementor-element-6bf8a71\" data-id=\"6bf8a71\" data-element_type=\"column\" data-e-type=\"column\">\n\t\t\t<div class=\"elementor-widget-wrap elementor-element-populated\">\n\t\t\t\t\t\t<div class=\"elementor-element elementor-element-a23dbdb elementor-widget elementor-widget-text-editor\" data-id=\"a23dbdb\" data-element_type=\"widget\" data-e-type=\"widget\" data-widget_type=\"text-editor.default\">\n\t\t\t\t<div class=\"elementor-widget-container\">\n\t\t\t\t\t\t\t\t\t<p><iframe src=\"https:\/\/open.spotify.com\/embed-podcast\/episode\/078ptZYeA7RP2OhjKzbjMs\" width=\"100%\" height=\"232\" frameborder=\"0\"><\/iframe><\/p>\t\t\t\t\t\t\t\t<\/div>\n\t\t\t\t<\/div>\n\t\t\t\t\t<\/div>\n\t\t<\/div>\n\t\t\t\t\t<\/div>\n\t\t<\/section>\n\t\t\t\t<section class=\"elementor-section elementor-top-section elementor-element elementor-element-a6a8ec7 elementor-section-boxed elementor-section-height-default elementor-section-height-default\" data-id=\"a6a8ec7\" data-element_type=\"section\" data-e-type=\"section\">\n\t\t\t\t\t\t<div class=\"elementor-container elementor-column-gap-default\">\n\t\t\t\t\t<div class=\"elementor-column elementor-col-50 elementor-top-column elementor-element elementor-element-90448c7\" data-id=\"90448c7\" data-element_type=\"column\" data-e-type=\"column\">\n\t\t\t<div class=\"elementor-widget-wrap elementor-element-populated\">\n\t\t\t\t\t\t<div class=\"elementor-element elementor-element-cee2dfe elementor-widget elementor-widget-text-editor\" data-id=\"cee2dfe\" data-element_type=\"widget\" data-e-type=\"widget\" data-widget_type=\"text-editor.default\">\n\t\t\t\t<div class=\"elementor-widget-container\">\n\t\t\t\t\t\t\t\t\t<p><iframe src=\"https:\/\/open.spotify.com\/embed-podcast\/episode\/3H2BDGKMF54HrcL3aYoqp8\" width=\"100%\" height=\"232\" frameborder=\"0\"><\/iframe><\/p>\t\t\t\t\t\t\t\t<\/div>\n\t\t\t\t<\/div>\n\t\t\t\t\t<\/div>\n\t\t<\/div>\n\t\t\t\t<div class=\"elementor-column elementor-col-50 elementor-top-column elementor-element elementor-element-f50f064\" data-id=\"f50f064\" data-element_type=\"column\" data-e-type=\"column\">\n\t\t\t<div class=\"elementor-widget-wrap elementor-element-populated\">\n\t\t\t\t\t\t<div class=\"elementor-element elementor-element-5b0b8c1 elementor-widget elementor-widget-text-editor\" data-id=\"5b0b8c1\" data-element_type=\"widget\" data-e-type=\"widget\" data-widget_type=\"text-editor.default\">\n\t\t\t\t<div class=\"elementor-widget-container\">\n\t\t\t\t\t\t\t\t\t<p><iframe title=\"Spotify Embed: Caminando descalzos\" width=\"100%\" height=\"232\" allowtransparency=\"true\" frameborder=\"0\" allow=\"encrypted-media\" src=\"https:\/\/open.spotify.com\/embed-podcast\/show\/3x6VrZt8SrfvnT4V8XbTNt?si=TMpUfhwfSoKaJ8joHonDRQ\"><\/iframe><\/p>\t\t\t\t\t\t\t\t<\/div>\n\t\t\t\t<\/div>\n\t\t\t\t\t<\/div>\n\t\t<\/div>\n\t\t\t\t\t<\/div>\n\t\t<\/section>\n\t\t\t\t<\/div>","protected":false},"excerpt":{"rendered":"<p>Caminando Descalzos Un podcast de la organizaci\u00f3n TheHealthImpact en el que tratamos diferentes temas relacionados con la migraci\u00f3n e intentamos visibilizar la situaci\u00f3n de los refugiados y migrantes que ven sus derechos vulnerados de manera constante. Nuevos episodios cada domingo&nbsp; \u00daltimo episodio \u00a0 \u00a0<\/p>","protected":false},"author":2,"featured_media":0,"parent":0,"menu_order":0,"comment_status":"closed","ping_status":"closed","template":"elementor_header_footer","meta":{"nf_dc_page":"","footnotes":""},"class_list":["post-1323","page","type-page","status-publish","hentry"],"yoast_head":"<!-- This site is optimized with the Yoast SEO plugin v27.4 - https:\/\/yoast.com\/product\/yoast-seo-wordpress\/ -->\n<title>Podcast semanal | Caminando Descalzos | The Health Impact ONG<\/title>\n<meta name=\"description\" content=\"Descubre el podcast de la ONG The Health Impact: Caminando Descalzos | Damos voz a los refugiados | Disponible en Spotify y Apple Music.\" \/>\n<meta name=\"robots\" content=\"index, follow, max-snippet:-1, max-image-preview:large, max-video-preview:-1\" \/>\n<link rel=\"canonical\" href=\"https:\/\/thehealthimpactngo.org\/ar\/podcast\/\" \/>\n<meta property=\"og:locale\" content=\"ar_AR\" \/>\n<meta property=\"og:type\" content=\"article\" \/>\n<meta property=\"og:title\" content=\"Podcast semanal | Caminando Descalzos | The Health Impact ONG\" \/>\n<meta property=\"og:description\" content=\"Descubre el podcast de la ONG The Health Impact: Caminando Descalzos | Damos voz a los refugiados | Disponible en Spotify y Apple Music.\" \/>\n<meta property=\"og:url\" content=\"https:\/\/thehealthimpactngo.org\/ar\/podcast\/\" \/>\n<meta property=\"og:site_name\" content=\"The Health Impact NGO\" \/>\n<meta property=\"article:publisher\" content=\"https:\/\/www.facebook.com\/Thehealthimpact\/\" \/>\n<meta property=\"article:modified_time\" content=\"2021-03-16T16:58:48+00:00\" \/>\n<meta name=\"twitter:card\" content=\"summary_large_image\" \/>\n<meta name=\"twitter:site\" content=\"@TheHealthImpact\" \/>\n<meta name=\"twitter:label1\" content=\"\u0648\u0642\u062a \u0627\u0644\u0642\u0631\u0627\u0621\u0629 \u0627\u0644\u0645\u064f\u0642\u062f\u0651\u0631\" \/>\n\t<meta name=\"twitter:data1\" content=\"\u062f\u0642\u064a\u0642\u0629 \u0648\u0627\u062d\u062f\u0629\" \/>\n<script type=\"application\/ld+json\" class=\"yoast-schema-graph\">{\"@context\":\"https:\\\/\\\/schema.org\",\"@graph\":[{\"@type\":\"WebPage\",\"@id\":\"https:\\\/\\\/thehealthimpactngo.org\\\/podcast\\\/\",\"url\":\"https:\\\/\\\/thehealthimpactngo.org\\\/podcast\\\/\",\"name\":\"Podcast semanal | Caminando Descalzos | The Health Impact ONG\",\"isPartOf\":{\"@id\":\"https:\\\/\\\/thehealthimpactngo.org\\\/#website\"},\"datePublished\":\"2020-08-10T17:39:33+00:00\",\"dateModified\":\"2021-03-16T16:58:48+00:00\",\"description\":\"Descubre el podcast de la ONG The Health Impact: Caminando Descalzos | Damos voz a los refugiados | Disponible en Spotify y Apple Music.\",\"breadcrumb\":{\"@id\":\"https:\\\/\\\/thehealthimpactngo.org\\\/podcast\\\/#breadcrumb\"},\"inLanguage\":\"ar\",\"potentialAction\":[{\"@type\":\"ReadAction\",\"target\":[\"https:\\\/\\\/thehealthimpactngo.org\\\/podcast\\\/\"]}]},{\"@type\":\"BreadcrumbList\",\"@id\":\"https:\\\/\\\/thehealthimpactngo.org\\\/podcast\\\/#breadcrumb\",\"itemListElement\":[{\"@type\":\"ListItem\",\"position\":1,\"name\":\"Home\",\"item\":\"https:\\\/\\\/thehealthimpactngo.org\\\/\"},{\"@type\":\"ListItem\",\"position\":2,\"name\":\"Podcast\"}]},{\"@type\":\"WebSite\",\"@id\":\"https:\\\/\\\/thehealthimpactngo.org\\\/#website\",\"url\":\"https:\\\/\\\/thehealthimpactngo.org\\\/\",\"name\":\"The Health Impact NGO\",\"description\":\"\",\"publisher\":{\"@id\":\"https:\\\/\\\/thehealthimpactngo.org\\\/#organization\"},\"potentialAction\":[{\"@type\":\"SearchAction\",\"target\":{\"@type\":\"EntryPoint\",\"urlTemplate\":\"https:\\\/\\\/thehealthimpactngo.org\\\/?s={search_term_string}\"},\"query-input\":{\"@type\":\"PropertyValueSpecification\",\"valueRequired\":true,\"valueName\":\"search_term_string\"}}],\"inLanguage\":\"ar\"},{\"@type\":\"Organization\",\"@id\":\"https:\\\/\\\/thehealthimpactngo.org\\\/#organization\",\"name\":\"TheHealthImpact\",\"url\":\"https:\\\/\\\/thehealthimpactngo.org\\\/\",\"logo\":{\"@type\":\"ImageObject\",\"inLanguage\":\"ar\",\"@id\":\"https:\\\/\\\/thehealthimpactngo.org\\\/#\\\/schema\\\/logo\\\/image\\\/\",\"url\":\"https:\\/\\/thehealthimpact.org\\/wp-content\\/uploads\\/2020\\/03\\/WhatsApp-Image-2020-03-05-at-12.53.37-1-e1591283292571.jpeg\",\"contentUrl\":\"https:\\/\\/thehealthimpact.org\\/wp-content\\/uploads\\/2020\\/03\\/WhatsApp-Image-2020-03-05-at-12.53.37-1-e1591283292571.jpeg\",\"width\":197,\"height\":120,\"caption\":\"TheHealthImpact\"},\"image\":{\"@id\":\"https:\\\/\\\/thehealthimpactngo.org\\\/#\\\/schema\\\/logo\\\/image\\\/\"},\"sameAs\":[\"https:\\\/\\\/www.facebook.com\\\/Thehealthimpact\\\/\",\"https:\\\/\\\/x.com\\\/TheHealthImpact\",\"https:\\\/\\\/www.instagram.com\\\/thehealthimpactorg\\\/\",\"https:\\\/\\\/www.linkedin.com\\\/company\\\/thehealthimpact\\\/\"]}]}<\/script>\n<!-- \/ Yoast SEO plugin. -->","yoast_head_json":{"title":"Podcast semanal | Caminando Descalzos | The Health Impact ONG","description":"Descubre el podcast de la ONG The Health Impact: Caminando Descalzos | Damos voz a los refugiados | Disponible en Spotify y Apple Music.","robots":{"index":"index","follow":"follow","max-snippet":"max-snippet:-1","max-image-preview":"max-image-preview:large","max-video-preview":"max-video-preview:-1"},"canonical":"https:\/\/thehealthimpactngo.org\/ar\/podcast\/","og_locale":"ar_AR","og_type":"article","og_title":"Podcast semanal | Caminando Descalzos | The Health Impact ONG","og_description":"Descubre el podcast de la ONG The Health Impact: Caminando Descalzos | Damos voz a los refugiados | Disponible en Spotify y Apple Music.","og_url":"https:\/\/thehealthimpactngo.org\/ar\/podcast\/","og_site_name":"The Health Impact NGO","article_publisher":"https:\/\/www.facebook.com\/Thehealthimpact\/","article_modified_time":"2021-03-16T16:58:48+00:00","twitter_card":"summary_large_image","twitter_site":"@TheHealthImpact","twitter_misc":{"\u0648\u0642\u062a \u0627\u0644\u0642\u0631\u0627\u0621\u0629 \u0627\u0644\u0645\u064f\u0642\u062f\u0651\u0631":"\u062f\u0642\u064a\u0642\u0629 \u0648\u0627\u062d\u062f\u0629"},"schema":{"@context":"https:\/\/schema.org","@graph":[{"@type":"WebPage","@id":"https:\/\/thehealthimpactngo.org\/podcast\/","url":"https:\/\/thehealthimpactngo.org\/podcast\/","name":"Podcast semanal | Caminando Descalzos | The Health Impact ONG","isPartOf":{"@id":"https:\/\/thehealthimpactngo.org\/#website"},"datePublished":"2020-08-10T17:39:33+00:00","dateModified":"2021-03-16T16:58:48+00:00","description":"Descubre el podcast de la ONG The Health Impact: Caminando Descalzos | Damos voz a los refugiados | Disponible en Spotify y Apple Music.","breadcrumb":{"@id":"https:\/\/thehealthimpactngo.org\/podcast\/#breadcrumb"},"inLanguage":"ar","potentialAction":[{"@type":"ReadAction","target":["https:\/\/thehealthimpactngo.org\/podcast\/"]}]},{"@type":"BreadcrumbList","@id":"https:\/\/thehealthimpactngo.org\/podcast\/#breadcrumb","itemListElement":[{"@type":"ListItem","position":1,"name":"Home","item":"https:\/\/thehealthimpactngo.org\/"},{"@type":"ListItem","position":2,"name":"Podcast"}]},{"@type":"WebSite","@id":"https:\/\/thehealthimpactngo.org\/#website","url":"https:\/\/thehealthimpactngo.org\/","name":"The Health Impact NGO","description":"","publisher":{"@id":"https:\/\/thehealthimpactngo.org\/#organization"},"potentialAction":[{"@type":"SearchAction","target":{"@type":"EntryPoint","urlTemplate":"https:\/\/thehealthimpactngo.org\/?s={search_term_string}"},"query-input":{"@type":"PropertyValueSpecification","valueRequired":true,"valueName":"search_term_string"}}],"inLanguage":"ar"},{"@type":"Organization","@id":"https:\/\/thehealthimpactngo.org\/#organization","name":"TheHealthImpact","url":"https:\/\/thehealthimpactngo.org\/","logo":{"@type":"ImageObject","inLanguage":"ar","@id":"https:\/\/thehealthimpactngo.org\/#\/schema\/logo\/image\/","url":"https:\/\/mlshb54ejeq3.i.optimole.com\/w:auto\/h:auto\/q:mauto\/f:best\/ig:avif\/https:\/\/thehealthimpact.org\/wp-content\/uploads\/2020\/03\/WhatsApp-Image-2020-03-05-at-12.53.37-1-e1591283292571.jpeg","contentUrl":"https:\/\/mlshb54ejeq3.i.optimole.com\/w:auto\/h:auto\/q:mauto\/f:best\/ig:avif\/https:\/\/thehealthimpact.org\/wp-content\/uploads\/2020\/03\/WhatsApp-Image-2020-03-05-at-12.53.37-1-e1591283292571.jpeg","width":197,"height":120,"caption":"TheHealthImpact"},"image":{"@id":"https:\/\/thehealthimpactngo.org\/#\/schema\/logo\/image\/"},"sameAs":["https:\/\/www.facebook.com\/Thehealthimpact\/","https:\/\/x.com\/TheHealthImpact","https:\/\/www.instagram.com\/thehealthimpactorg\/","https:\/\/www.linkedin.com\/company\/thehealthimpact\/"]}]}},"_links":{"self":[{"href":"https:\/\/thehealthimpactngo.org\/ar\/wp-json\/wp\/v2\/pages\/1323","targetHints":{"allow":["GET"]}}],"collection":[{"href":"https:\/\/thehealthimpactngo.org\/ar\/wp-json\/wp\/v2\/pages"}],"about":[{"href":"https:\/\/thehealthimpactngo.org\/ar\/wp-json\/wp\/v2\/types\/page"}],"author":[{"embeddable":true,"href":"https:\/\/thehealthimpactngo.org\/ar\/wp-json\/wp\/v2\/users\/2"}],"replies":[{"embeddable":true,"href":"https:\/\/thehealthimpactngo.org\/ar\/wp-json\/wp\/v2\/comments?post=1323"}],"version-history":[{"count":5,"href":"https:\/\/thehealthimpactngo.org\/ar\/wp-json\/wp\/v2\/pages\/1323\/revisions"}],"predecessor-version":[{"id":1731,"href":"https:\/\/thehealthimpactngo.org\/ar\/wp-json\/wp\/v2\/pages\/1323\/revisions\/1731"}],"wp:attachment":[{"href":"https:\/\/thehealthimpactngo.org\/ar\/wp-json\/wp\/v2\/media?parent=1323"}],"curies":[{"name":"wp","href":"https:\/\/api.w.org\/{rel}","templated":true}]}}