{"id":1153,"date":"2020-06-08T11:19:11","date_gmt":"2020-06-08T11:19:11","guid":{"rendered":"https:\/\/thehealthimpact.org\/?page_id=1153"},"modified":"2021-11-29T11:46:52","modified_gmt":"2021-11-29T11:46:52","slug":"gracias","status":"publish","type":"page","link":"https:\/\/thehealthimpactngo.org\/ar\/gracias\/","title":{"rendered":"ThankYou"},"content":{"rendered":"<div data-elementor-type=\"wp-page\" data-elementor-id=\"1153\" class=\"elementor elementor-1153\" data-elementor-post-type=\"page\">\n\t\t\t\t\t\t<section class=\"elementor-section elementor-top-section elementor-element elementor-element-16a066e6 elementor-section-height-full elementor-section-full_width elementor-section-height-default elementor-section-items-middle\" data-id=\"16a066e6\" data-element_type=\"section\" data-e-type=\"section\" data-settings=\"{&quot;background_background&quot;:&quot;video&quot;,&quot;background_video_link&quot;:&quot;https:\\\/\\\/youtu.be\\\/vXMlMfSqQxI&quot;,&quot;background_video_start&quot;:10,&quot;background_video_end&quot;:50,&quot;background_play_on_mobile&quot;:&quot;yes&quot;}\">\n\t\t\t\t\t\t\t\t<div class=\"elementor-background-video-container\">\n\t\t\t\t\t\t\t\t\t\t\t\t\t<div class=\"elementor-background-video-embed\" role=\"presentation\"><\/div>\n\t\t\t\t\t\t\t\t\t\t\t\t<\/div>\n\t\t\t\t\t\t\t\t\t<div class=\"elementor-background-overlay\"><\/div>\n\t\t\t\t\t\t\t<div class=\"elementor-container elementor-column-gap-default\">\n\t\t\t\t\t<div class=\"elementor-column elementor-col-100 elementor-top-column elementor-element elementor-element-473d6022\" data-id=\"473d6022\" data-element_type=\"column\" data-e-type=\"column\">\n\t\t\t<div class=\"elementor-widget-wrap elementor-element-populated\">\n\t\t\t\t\t\t<div class=\"elementor-element elementor-element-44adff89 elementor-view-default elementor-widget elementor-widget-icon\" data-id=\"44adff89\" data-element_type=\"widget\" data-e-type=\"widget\" data-widget_type=\"icon.default\">\n\t\t\t\t<div class=\"elementor-widget-container\">\n\t\t\t\t\t\t\t<div class=\"elementor-icon-wrapper\">\n\t\t\t<div class=\"elementor-icon\">\n\t\t\t<i aria-hidden=\"true\" class=\"far fa-heart\"><\/i>\t\t\t<\/div>\n\t\t<\/div>\n\t\t\t\t\t\t<\/div>\n\t\t\t\t<\/div>\n\t\t\t\t<div class=\"elementor-element elementor-element-705aa2c5 elementor-widget elementor-widget-heading\" data-id=\"705aa2c5\" data-element_type=\"widget\" data-e-type=\"widget\" data-widget_type=\"heading.default\">\n\t\t\t\t<div class=\"elementor-widget-container\">\n\t\t\t\t\t<h2 class=\"elementor-heading-title elementor-size-large\">Gracias por tu donaci\u00f3n<\/h2>\t\t\t\t<\/div>\n\t\t\t\t<\/div>\n\t\t\t\t\t<\/div>\n\t\t<\/div>\n\t\t\t\t\t<\/div>\n\t\t<\/section>\n\t\t\t\t<section class=\"elementor-section elementor-top-section elementor-element elementor-element-37496d4 elementor-section-boxed elementor-section-height-default elementor-section-height-default\" data-id=\"37496d4\" data-element_type=\"section\" data-e-type=\"section\">\n\t\t\t\t\t\t<div class=\"elementor-container elementor-column-gap-default\">\n\t\t\t\t\t<div class=\"elementor-column elementor-col-100 elementor-top-column elementor-element elementor-element-ff6c5ef\" data-id=\"ff6c5ef\" data-element_type=\"column\" data-e-type=\"column\">\n\t\t\t<div class=\"elementor-widget-wrap elementor-element-populated\">\n\t\t\t\t\t\t<div class=\"elementor-element elementor-element-c3d5a21 elementor-blockquote--skin-quotation elementor-blockquote--align-right elementor-blockquote--button-color-official elementor-widget elementor-widget-blockquote\" data-id=\"c3d5a21\" data-element_type=\"widget\" data-e-type=\"widget\" data-widget_type=\"blockquote.default\">\n\t\t\t\t<div class=\"elementor-widget-container\">\n\t\t\t\t\t\t\t<blockquote class=\"elementor-blockquote\">\n\t\t\t<p class=\"elementor-blockquote__content\">\n\t\t\t\t\u201cAsistir a las clases me ha hecho sentir que puedo aprender algo para ayudar a mi familia y mantener a mis hijos seguros. Siempre espero a que el equipo venga a sentarse conmigo para tomar un t\u00e9, pasar tiempo con mis hijos y hablar sobre nuestro d\u00eda a d\u00eda\u201d\t\t\t<\/p>\n\t\t\t\t\t\t\t<div class=\"e-q-footer\">\n\t\t\t\t\t\t\t\t\t\t\t<cite class=\"elementor-blockquote__author\">- Mujer participante en el programa de educaci\u00f3n para la salud<\/cite>\n\t\t\t\t\t\t\t\t\t\t\t\t\t\t<\/div>\n\t\t\t\t\t<\/blockquote>\n\t\t\t\t\t\t<\/div>\n\t\t\t\t<\/div>\n\t\t\t\t\t<\/div>\n\t\t<\/div>\n\t\t\t\t\t<\/div>\n\t\t<\/section>\n\t\t\t\t<section class=\"elementor-section elementor-top-section elementor-element elementor-element-79dc0f35 elementor-section-full_width elementor-section-height-full elementor-section-items-stretch elementor-section-content-middle elementor-section-height-default\" data-id=\"79dc0f35\" data-element_type=\"section\" data-e-type=\"section\" data-settings=\"{&quot;background_background&quot;:&quot;classic&quot;}\">\n\t\t\t\t\t\t<div class=\"elementor-container elementor-column-gap-default\">\n\t\t\t\t\t<div class=\"elementor-column elementor-col-50 elementor-top-column elementor-element elementor-element-60073354\" data-id=\"60073354\" data-element_type=\"column\" data-e-type=\"column\" data-settings=\"{&quot;background_background&quot;:&quot;classic&quot;}\">\n\t\t\t<div class=\"elementor-widget-wrap elementor-element-populated\">\n\t\t\t\t\t\t<div class=\"elementor-element elementor-element-6c534c4d elementor-widget elementor-widget-text-editor\" data-id=\"6c534c4d\" data-element_type=\"widget\" data-e-type=\"widget\" data-widget_type=\"text-editor.default\">\n\t\t\t\t<div class=\"elementor-widget-container\">\n\t\t\t\t\t\t\t\t\t<p>\u0633\u0645\u062d \u0644\u0646\u0627 \u0643\u0644 \u062a\u0628\u0631\u0639 \u0646\u062a\u0644\u0642\u0627\u0647 \u0628\u062a\u0639\u0632\u064a\u0632 \u0645\u0647\u0645\u062a\u0646\u0627 \u0644\u0645\u0633\u0627\u0639\u062f\u0629 \u0627\u0644\u0623\u0634\u062e\u0627\u0635 \u0627\u0644\u0630\u064a\u0646 \u064a\u0639\u064a\u0634\u0648\u0646 \u0641\u064a \u0645\u062e\u064a\u0645\u0627\u062a \u0627\u0644\u0644\u0627\u062c\u0626\u064a\u0646 \u0639\u0644\u0649 \u0639\u064a\u0634 \u062d\u064a\u0627\u0629 \u0623\u0643\u062b\u0631 \u0635\u062d\u0629 \u0648\u0623\u0645\u0627\u0646\u064b\u0627 \u0648\u0643\u0631\u0627\u0645\u0629.&nbsp;<\/p><p>88\u066a \u0645\u0646 \u0627\u0644\u0644\u0627\u062c\u0626\u064a\u0646 \u0641\u064a \u0644\u0628\u0646\u0627\u0646 \u064a\u0639\u064a\u0634\u0648\u0646 \u062a\u062d\u062a \u062e\u0637 \u0627\u0644\u0641\u0642\u0631 \u060c \u0648\u0647\u0648 \u0634\u064a\u0621 \u0644\u0627 \u062d\u064a\u0644\u0629 \u0644\u0646\u0627 \u0644\u062a\u063a\u064a\u064a\u0631\u0647.  \u0648\u0645\u0639 \u0630\u0644\u0643 \u060c \u0625\u0630\u0627 \u0633\u0627\u0639\u062f\u0646\u0627\u0647\u0645 \u0639\u0644\u0649 \u0627\u0644\u0628\u0642\u0627\u0621 \u0628\u0635\u062d\u0629 \u062c\u064a\u062f\u0629 \u060c \u064a\u0645\u0643\u0646 \u0644\u0644\u0639\u0627\u0626\u0644\u0627\u062a \u0627\u0644\u0630\u0647\u0627\u0628 \u0625\u0644\u0649 \u0627\u0644\u0639\u0645\u0644 \u0648\u0627\u0644\u0645\u062f\u0631\u0633\u0629 \u0628\u0627\u0646\u062a\u0638\u0627\u0645 \u060c \u0648\u0627\u0644\u0639\u064a\u0634 \u0645\u0639 \u0636\u063a\u0637 \u0623\u0642\u0644 \u0634\u064a\u0626\u0622 \u0645\u0627 \u0648\u064a\u0645\u0643\u0646 \u0623\u0646 \u062a\u062a\u062c\u0646\u0628 \u0627\u0644\u0639\u0644\u0627\u062c \u0627\u0644\u0637\u0628\u064a \u0627\u0644\u0645\u0643\u0644\u0641.<\/p>\t\t\t\t\t\t\t\t<\/div>\n\t\t\t\t<\/div>\n\t\t\t\t\t<\/div>\n\t\t<\/div>\n\t\t\t\t<div class=\"elementor-column elementor-col-50 elementor-top-column elementor-element elementor-element-3ded58ee\" data-id=\"3ded58ee\" data-element_type=\"column\" data-e-type=\"column\" data-settings=\"{&quot;background_background&quot;:&quot;classic&quot;}\">\n\t\t\t<div class=\"elementor-widget-wrap\">\n\t\t\t\t\t\t\t<\/div>\n\t\t<\/div>\n\t\t\t\t\t<\/div>\n\t\t<\/section>\n\t\t\t\t<section class=\"elementor-section elementor-top-section elementor-element elementor-element-e69d821 elementor-section-content-middle elementor-section-boxed elementor-section-height-default elementor-section-height-default\" data-id=\"e69d821\" data-element_type=\"section\" data-e-type=\"section\">\n\t\t\t\t\t\t<div class=\"elementor-container elementor-column-gap-no\">\n\t\t\t\t\t<div class=\"elementor-column elementor-col-100 elementor-top-column elementor-element elementor-element-3dd1dfa9\" data-id=\"3dd1dfa9\" data-element_type=\"column\" data-e-type=\"column\">\n\t\t\t<div class=\"elementor-widget-wrap elementor-element-populated\">\n\t\t\t\t\t\t<div class=\"elementor-element elementor-element-ce892a0 elementor-widget elementor-widget-heading\" data-id=\"ce892a0\" data-element_type=\"widget\" data-e-type=\"widget\" data-widget_type=\"heading.default\">\n\t\t\t\t<div class=\"elementor-widget-container\">\n\t\t\t\t\t<h4 class=\"elementor-heading-title elementor-size-default\">Mira lo que tu generosidad hace<\/h4>\t\t\t\t<\/div>\n\t\t\t\t<\/div>\n\t\t\t\t<div class=\"elementor-element elementor-element-182d1021 elementor-widget elementor-widget-text-editor\" data-id=\"182d1021\" data-element_type=\"widget\" data-e-type=\"widget\" data-widget_type=\"text-editor.default\">\n\t\t\t\t<div class=\"elementor-widget-container\">\n\t\t\t\t\t\t\t\t\t<p>\u00a1Suscr\u00edbete a nuestro bolet\u00edn para recibir actualizaciones mensuales y ver lo que hacemos con donativos como el tuyo!<\/p><p>Te enviaremos informaci\u00f3n actualizada sobre el proyecto y las metas que hayamos alcanzado. Adem\u00e1s, te presentaremos a nuestro equipo y te mantendremos informado sobre la situaci\u00f3n de las personas refugiadas en todo el mundo<\/p>\t\t\t\t\t\t\t\t<\/div>\n\t\t\t\t<\/div>\n\t\t\t\t<div class=\"elementor-element elementor-element-62b50277 elementor-align-center elementor-widget elementor-widget-button\" data-id=\"62b50277\" data-element_type=\"widget\" data-e-type=\"widget\" data-no-translation=\"\" data-widget_type=\"button.default\">\n\t\t\t\t<div class=\"elementor-widget-container\">\n\t\t\t\t\t<style>.elementor-element-62b50277{display:none !important}<\/style>\t\t\t\t<\/div>\n\t\t\t\t<\/div>\n\t\t\t\t<div class=\"elementor-element elementor-element-582c2fb elementor-align-center elementor-widget elementor-widget-button\" data-id=\"582c2fb\" data-element_type=\"widget\" data-e-type=\"widget\" data-no-translation=\"\" data-widget_type=\"button.default\">\n\t\t\t\t<div class=\"elementor-widget-container\">\n\t\t\t\t\t<style>.elementor-element-582c2fb{display:none !important}<\/style>\t\t\t\t<\/div>\n\t\t\t\t<\/div>\n\t\t\t\t\t<\/div>\n\t\t<\/div>\n\t\t\t\t\t<\/div>\n\t\t<\/section>\n\t\t\t\t<section class=\"elementor-section elementor-top-section elementor-element elementor-element-acf7b2e elementor-section-boxed elementor-section-height-default elementor-section-height-default\" data-id=\"acf7b2e\" data-element_type=\"section\" data-e-type=\"section\">\n\t\t\t\t\t\t<div class=\"elementor-container elementor-column-gap-default\">\n\t\t\t\t\t<div class=\"elementor-column elementor-col-100 elementor-top-column elementor-element elementor-element-97a567f\" data-id=\"97a567f\" data-element_type=\"column\" data-e-type=\"column\">\n\t\t\t<div class=\"elementor-widget-wrap elementor-element-populated\">\n\t\t\t\t\t\t<div class=\"elementor-element elementor-element-cdf362f elementor-widget elementor-widget-heading\" data-id=\"cdf362f\" data-element_type=\"widget\" data-e-type=\"widget\" data-widget_type=\"heading.default\">\n\t\t\t\t<div class=\"elementor-widget-container\">\n\t\t\t\t\t<h2 class=\"elementor-heading-title elementor-size-default\">Comparte tu generosidad con tus amigos<\/h2>\t\t\t\t<\/div>\n\t\t\t\t<\/div>\n\t\t\t\t<div class=\"elementor-element elementor-element-06466c2 elementor-share-buttons--view-icon elementor-share-buttons--skin-minimal elementor-share-buttons--shape-rounded elementor-share-buttons--align-center elementor-share-buttons--color-custom elementor-grid-0 elementor-widget elementor-widget-share-buttons\" data-id=\"06466c2\" data-element_type=\"widget\" data-e-type=\"widget\" data-settings=\"{&quot;share_url&quot;:{&quot;url&quot;:&quot;https:\\\/\\\/thehealthimpactngo.org\\\/donate\\\/&quot;,&quot;is_external&quot;:&quot;&quot;,&quot;nofollow&quot;:&quot;&quot;,&quot;custom_attributes&quot;:&quot;&quot;}}\" data-widget_type=\"share-buttons.default\">\n\t\t\t\t<div class=\"elementor-widget-container\">\n\t\t\t\t\t\t\t<div class=\"elementor-grid\">\n\t\t\t\t\t\t\t\t<div class=\"elementor-grid-item\">\n\t\t\t\t\t\t<div\n\t\t\t\t\t\t\tclass=\"elementor-share-btn elementor-share-btn_facebook\"\n\t\t\t\t\t\t\trole=\"button\"\n\t\t\t\t\t\t\ttabindex=\"0\"\n\t\t\t\t\t\t\taria-label=\"Compartir en facebook\"\n\t\t\t\t\t\t>\n\t\t\t\t\t\t\t\t\t\t\t\t\t\t\t<span class=\"elementor-share-btn__icon\">\n\t\t\t\t\t\t\t\t<i class=\"fab fa-facebook\" aria-hidden=\"true\"><\/i>\t\t\t\t\t\t\t<\/span>\n\t\t\t\t\t\t\t\t\t\t\t\t\t\t\t\t\t\t\t\t<\/div>\n\t\t\t\t\t<\/div>\n\t\t\t\t\t\t\t\t\t<div class=\"elementor-grid-item\">\n\t\t\t\t\t\t<div\n\t\t\t\t\t\t\tclass=\"elementor-share-btn elementor-share-btn_twitter\"\n\t\t\t\t\t\t\trole=\"button\"\n\t\t\t\t\t\t\ttabindex=\"0\"\n\t\t\t\t\t\t\taria-label=\"Compartir en twitter\"\n\t\t\t\t\t\t>\n\t\t\t\t\t\t\t\t\t\t\t\t\t\t\t<span class=\"elementor-share-btn__icon\">\n\t\t\t\t\t\t\t\t<i class=\"fab fa-twitter\" aria-hidden=\"true\"><\/i>\t\t\t\t\t\t\t<\/span>\n\t\t\t\t\t\t\t\t\t\t\t\t\t\t\t\t\t\t\t\t<\/div>\n\t\t\t\t\t<\/div>\n\t\t\t\t\t\t\t\t\t<div class=\"elementor-grid-item\">\n\t\t\t\t\t\t<div\n\t\t\t\t\t\t\tclass=\"elementor-share-btn elementor-share-btn_linkedin\"\n\t\t\t\t\t\t\trole=\"button\"\n\t\t\t\t\t\t\ttabindex=\"0\"\n\t\t\t\t\t\t\taria-label=\"Compartir en linkedin\"\n\t\t\t\t\t\t>\n\t\t\t\t\t\t\t\t\t\t\t\t\t\t\t<span class=\"elementor-share-btn__icon\">\n\t\t\t\t\t\t\t\t<i class=\"fab fa-linkedin\" aria-hidden=\"true\"><\/i>\t\t\t\t\t\t\t<\/span>\n\t\t\t\t\t\t\t\t\t\t\t\t\t\t\t\t\t\t\t\t<\/div>\n\t\t\t\t\t<\/div>\n\t\t\t\t\t\t\t\t\t<div class=\"elementor-grid-item\">\n\t\t\t\t\t\t<div\n\t\t\t\t\t\t\tclass=\"elementor-share-btn elementor-share-btn_whatsapp\"\n\t\t\t\t\t\t\trole=\"button\"\n\t\t\t\t\t\t\ttabindex=\"0\"\n\t\t\t\t\t\t\taria-label=\"Compartir en whatsapp\"\n\t\t\t\t\t\t>\n\t\t\t\t\t\t\t\t\t\t\t\t\t\t\t<span class=\"elementor-share-btn__icon\">\n\t\t\t\t\t\t\t\t<i class=\"fab fa-whatsapp\" aria-hidden=\"true\"><\/i>\t\t\t\t\t\t\t<\/span>\n\t\t\t\t\t\t\t\t\t\t\t\t\t\t\t\t\t\t\t\t<\/div>\n\t\t\t\t\t<\/div>\n\t\t\t\t\t\t\t\t\t<div class=\"elementor-grid-item\">\n\t\t\t\t\t\t<div\n\t\t\t\t\t\t\tclass=\"elementor-share-btn elementor-share-btn_email\"\n\t\t\t\t\t\t\trole=\"button\"\n\t\t\t\t\t\t\ttabindex=\"0\"\n\t\t\t\t\t\t\taria-label=\"Compartir en email\"\n\t\t\t\t\t\t>\n\t\t\t\t\t\t\t\t\t\t\t\t\t\t\t<span class=\"elementor-share-btn__icon\">\n\t\t\t\t\t\t\t\t<i class=\"fas fa-envelope\" aria-hidden=\"true\"><\/i>\t\t\t\t\t\t\t<\/span>\n\t\t\t\t\t\t\t\t\t\t\t\t\t\t\t\t\t\t\t\t<\/div>\n\t\t\t\t\t<\/div>\n\t\t\t\t\t\t<\/div>\n\t\t\t\t\t\t<\/div>\n\t\t\t\t<\/div>\n\t\t\t\t\t<\/div>\n\t\t<\/div>\n\t\t\t\t\t<\/div>\n\t\t<\/section>\n\t\t\t\t<\/div>","protected":false},"excerpt":{"rendered":"<p>Gracias por tu donaci\u00f3n \u201cAsistir a las clases me ha hecho sentir que puedo aprender algo para ayudar a mi familia y mantener a mis hijos seguros. Siempre espero a que el equipo venga a sentarse conmigo para tomar un t\u00e9, pasar tiempo con mis hijos y hablar sobre nuestro d\u00eda a d\u00eda\u201d &#8211; Mujer [&hellip;]<\/p>\n","protected":false},"author":2,"featured_media":0,"parent":0,"menu_order":0,"comment_status":"closed","ping_status":"closed","template":"elementor_header_footer","meta":{"nf_dc_page":"","footnotes":""},"class_list":["post-1153","page","type-page","status-publish","hentry"],"yoast_head":"<!-- This site is optimized with the Yoast SEO plugin v27.4 - https:\/\/yoast.com\/product\/yoast-seo-wordpress\/ -->\n<title>Gracias por tu donaci\u00f3n | Personas refugiadas | The Health Impact ONG<\/title>\n<meta name=\"description\" content=\"Gracias por tu donaci\u00f3n y por apoyar nuestros proyectos como ONG. Cada docaci\u00f3n es importante para poder luchar por los derechos de las personas refugiadas.\" \/>\n<meta name=\"robots\" content=\"index, follow, max-snippet:-1, max-image-preview:large, max-video-preview:-1\" \/>\n<link rel=\"canonical\" href=\"https:\/\/thehealthimpactngo.org\/ar\/gracias\/\" \/>\n<meta property=\"og:locale\" content=\"ar_AR\" \/>\n<meta property=\"og:type\" content=\"article\" \/>\n<meta property=\"og:title\" content=\"Gracias por tu donaci\u00f3n | Personas refugiadas | The Health Impact ONG\" \/>\n<meta property=\"og:description\" content=\"Gracias por tu donaci\u00f3n y por apoyar nuestros proyectos como ONG. Cada docaci\u00f3n es importante para poder luchar por los derechos de las personas refugiadas.\" \/>\n<meta property=\"og:url\" content=\"https:\/\/thehealthimpactngo.org\/ar\/gracias\/\" \/>\n<meta property=\"og:site_name\" content=\"The Health Impact NGO\" \/>\n<meta property=\"article:publisher\" content=\"https:\/\/www.facebook.com\/Thehealthimpact\/\" \/>\n<meta property=\"article:modified_time\" content=\"2021-11-29T11:46:52+00:00\" \/>\n<meta name=\"twitter:card\" content=\"summary_large_image\" \/>\n<meta name=\"twitter:site\" content=\"@TheHealthImpact\" \/>\n<meta name=\"twitter:label1\" content=\"\u0648\u0642\u062a \u0627\u0644\u0642\u0631\u0627\u0621\u0629 \u0627\u0644\u0645\u064f\u0642\u062f\u0651\u0631\" \/>\n\t<meta name=\"twitter:data1\" content=\"\u062f\u0642\u064a\u0642\u062a\u0627\u0646\" \/>\n<script type=\"application\/ld+json\" class=\"yoast-schema-graph\">{\"@context\":\"https:\\\/\\\/schema.org\",\"@graph\":[{\"@type\":\"WebPage\",\"@id\":\"https:\\\/\\\/thehealthimpactngo.org\\\/gracias\\\/\",\"url\":\"https:\\\/\\\/thehealthimpactngo.org\\\/gracias\\\/\",\"name\":\"Gracias por tu donaci\u00f3n | Personas refugiadas | The Health Impact ONG\",\"isPartOf\":{\"@id\":\"https:\\\/\\\/thehealthimpactngo.org\\\/#website\"},\"datePublished\":\"2020-06-08T11:19:11+00:00\",\"dateModified\":\"2021-11-29T11:46:52+00:00\",\"description\":\"Gracias por tu donaci\u00f3n y por apoyar nuestros proyectos como ONG. Cada docaci\u00f3n es importante para poder luchar por los derechos de las personas refugiadas.\",\"breadcrumb\":{\"@id\":\"https:\\\/\\\/thehealthimpactngo.org\\\/gracias\\\/#breadcrumb\"},\"inLanguage\":\"ar\",\"potentialAction\":[{\"@type\":\"ReadAction\",\"target\":[\"https:\\\/\\\/thehealthimpactngo.org\\\/gracias\\\/\"]}]},{\"@type\":\"BreadcrumbList\",\"@id\":\"https:\\\/\\\/thehealthimpactngo.org\\\/gracias\\\/#breadcrumb\",\"itemListElement\":[{\"@type\":\"ListItem\",\"position\":1,\"name\":\"Home\",\"item\":\"https:\\\/\\\/thehealthimpactngo.org\\\/\"},{\"@type\":\"ListItem\",\"position\":2,\"name\":\"ThankYou\"}]},{\"@type\":\"WebSite\",\"@id\":\"https:\\\/\\\/thehealthimpactngo.org\\\/#website\",\"url\":\"https:\\\/\\\/thehealthimpactngo.org\\\/\",\"name\":\"The Health Impact NGO\",\"description\":\"\",\"publisher\":{\"@id\":\"https:\\\/\\\/thehealthimpactngo.org\\\/#organization\"},\"potentialAction\":[{\"@type\":\"SearchAction\",\"target\":{\"@type\":\"EntryPoint\",\"urlTemplate\":\"https:\\\/\\\/thehealthimpactngo.org\\\/?s={search_term_string}\"},\"query-input\":{\"@type\":\"PropertyValueSpecification\",\"valueRequired\":true,\"valueName\":\"search_term_string\"}}],\"inLanguage\":\"ar\"},{\"@type\":\"Organization\",\"@id\":\"https:\\\/\\\/thehealthimpactngo.org\\\/#organization\",\"name\":\"TheHealthImpact\",\"url\":\"https:\\\/\\\/thehealthimpactngo.org\\\/\",\"logo\":{\"@type\":\"ImageObject\",\"inLanguage\":\"ar\",\"@id\":\"https:\\\/\\\/thehealthimpactngo.org\\\/#\\\/schema\\\/logo\\\/image\\\/\",\"url\":\"https:\\/\\/thehealthimpact.org\\/wp-content\\/uploads\\/2020\\/03\\/WhatsApp-Image-2020-03-05-at-12.53.37-1-e1591283292571.jpeg\",\"contentUrl\":\"https:\\/\\/thehealthimpact.org\\/wp-content\\/uploads\\/2020\\/03\\/WhatsApp-Image-2020-03-05-at-12.53.37-1-e1591283292571.jpeg\",\"width\":197,\"height\":120,\"caption\":\"TheHealthImpact\"},\"image\":{\"@id\":\"https:\\\/\\\/thehealthimpactngo.org\\\/#\\\/schema\\\/logo\\\/image\\\/\"},\"sameAs\":[\"https:\\\/\\\/www.facebook.com\\\/Thehealthimpact\\\/\",\"https:\\\/\\\/x.com\\\/TheHealthImpact\",\"https:\\\/\\\/www.instagram.com\\\/thehealthimpactorg\\\/\",\"https:\\\/\\\/www.linkedin.com\\\/company\\\/thehealthimpact\\\/\"]}]}<\/script>\n<!-- \/ Yoast SEO plugin. -->","yoast_head_json":{"title":"Gracias por tu donaci\u00f3n | Personas refugiadas | The Health Impact ONG","description":"Gracias por tu donaci\u00f3n y por apoyar nuestros proyectos como ONG. Cada docaci\u00f3n es importante para poder luchar por los derechos de las personas refugiadas.","robots":{"index":"index","follow":"follow","max-snippet":"max-snippet:-1","max-image-preview":"max-image-preview:large","max-video-preview":"max-video-preview:-1"},"canonical":"https:\/\/thehealthimpactngo.org\/ar\/gracias\/","og_locale":"ar_AR","og_type":"article","og_title":"Gracias por tu donaci\u00f3n | Personas refugiadas | The Health Impact ONG","og_description":"Gracias por tu donaci\u00f3n y por apoyar nuestros proyectos como ONG. Cada docaci\u00f3n es importante para poder luchar por los derechos de las personas refugiadas.","og_url":"https:\/\/thehealthimpactngo.org\/ar\/gracias\/","og_site_name":"The Health Impact NGO","article_publisher":"https:\/\/www.facebook.com\/Thehealthimpact\/","article_modified_time":"2021-11-29T11:46:52+00:00","twitter_card":"summary_large_image","twitter_site":"@TheHealthImpact","twitter_misc":{"\u0648\u0642\u062a \u0627\u0644\u0642\u0631\u0627\u0621\u0629 \u0627\u0644\u0645\u064f\u0642\u062f\u0651\u0631":"\u062f\u0642\u064a\u0642\u062a\u0627\u0646"},"schema":{"@context":"https:\/\/schema.org","@graph":[{"@type":"WebPage","@id":"https:\/\/thehealthimpactngo.org\/gracias\/","url":"https:\/\/thehealthimpactngo.org\/gracias\/","name":"Gracias por tu donaci\u00f3n | Personas refugiadas | The Health Impact ONG","isPartOf":{"@id":"https:\/\/thehealthimpactngo.org\/#website"},"datePublished":"2020-06-08T11:19:11+00:00","dateModified":"2021-11-29T11:46:52+00:00","description":"Gracias por tu donaci\u00f3n y por apoyar nuestros proyectos como ONG. Cada docaci\u00f3n es importante para poder luchar por los derechos de las personas refugiadas.","breadcrumb":{"@id":"https:\/\/thehealthimpactngo.org\/gracias\/#breadcrumb"},"inLanguage":"ar","potentialAction":[{"@type":"ReadAction","target":["https:\/\/thehealthimpactngo.org\/gracias\/"]}]},{"@type":"BreadcrumbList","@id":"https:\/\/thehealthimpactngo.org\/gracias\/#breadcrumb","itemListElement":[{"@type":"ListItem","position":1,"name":"Home","item":"https:\/\/thehealthimpactngo.org\/"},{"@type":"ListItem","position":2,"name":"ThankYou"}]},{"@type":"WebSite","@id":"https:\/\/thehealthimpactngo.org\/#website","url":"https:\/\/thehealthimpactngo.org\/","name":"The Health Impact NGO","description":"","publisher":{"@id":"https:\/\/thehealthimpactngo.org\/#organization"},"potentialAction":[{"@type":"SearchAction","target":{"@type":"EntryPoint","urlTemplate":"https:\/\/thehealthimpactngo.org\/?s={search_term_string}"},"query-input":{"@type":"PropertyValueSpecification","valueRequired":true,"valueName":"search_term_string"}}],"inLanguage":"ar"},{"@type":"Organization","@id":"https:\/\/thehealthimpactngo.org\/#organization","name":"TheHealthImpact","url":"https:\/\/thehealthimpactngo.org\/","logo":{"@type":"ImageObject","inLanguage":"ar","@id":"https:\/\/thehealthimpactngo.org\/#\/schema\/logo\/image\/","url":"https:\/\/mlshb54ejeq3.i.optimole.com\/w:auto\/h:auto\/q:mauto\/f:best\/ig:avif\/https:\/\/thehealthimpact.org\/wp-content\/uploads\/2020\/03\/WhatsApp-Image-2020-03-05-at-12.53.37-1-e1591283292571.jpeg","contentUrl":"https:\/\/mlshb54ejeq3.i.optimole.com\/w:auto\/h:auto\/q:mauto\/f:best\/ig:avif\/https:\/\/thehealthimpact.org\/wp-content\/uploads\/2020\/03\/WhatsApp-Image-2020-03-05-at-12.53.37-1-e1591283292571.jpeg","width":197,"height":120,"caption":"TheHealthImpact"},"image":{"@id":"https:\/\/thehealthimpactngo.org\/#\/schema\/logo\/image\/"},"sameAs":["https:\/\/www.facebook.com\/Thehealthimpact\/","https:\/\/x.com\/TheHealthImpact","https:\/\/www.instagram.com\/thehealthimpactorg\/","https:\/\/www.linkedin.com\/company\/thehealthimpact\/"]}]}},"_links":{"self":[{"href":"https:\/\/thehealthimpactngo.org\/ar\/wp-json\/wp\/v2\/pages\/1153","targetHints":{"allow":["GET"]}}],"collection":[{"href":"https:\/\/thehealthimpactngo.org\/ar\/wp-json\/wp\/v2\/pages"}],"about":[{"href":"https:\/\/thehealthimpactngo.org\/ar\/wp-json\/wp\/v2\/types\/page"}],"author":[{"embeddable":true,"href":"https:\/\/thehealthimpactngo.org\/ar\/wp-json\/wp\/v2\/users\/2"}],"replies":[{"embeddable":true,"href":"https:\/\/thehealthimpactngo.org\/ar\/wp-json\/wp\/v2\/comments?post=1153"}],"version-history":[{"count":5,"href":"https:\/\/thehealthimpactngo.org\/ar\/wp-json\/wp\/v2\/pages\/1153\/revisions"}],"predecessor-version":[{"id":2967,"href":"https:\/\/thehealthimpactngo.org\/ar\/wp-json\/wp\/v2\/pages\/1153\/revisions\/2967"}],"wp:attachment":[{"href":"https:\/\/thehealthimpactngo.org\/ar\/wp-json\/wp\/v2\/media?parent=1153"}],"curies":[{"name":"wp","href":"https:\/\/api.w.org\/{rel}","templated":true}]}}